{"id":1067,"date":"2024-09-21T06:08:20","date_gmt":"2024-09-21T06:08:20","guid":{"rendered":"https:\/\/www.enmar.net\/?page_id=1067"},"modified":"2024-09-21T06:25:51","modified_gmt":"2024-09-21T06:25:51","slug":"lpg-kutle-hesaplama-araci","status":"publish","type":"page","link":"https:\/\/www.enmar.net\/tr\/lpg-kutle-hesaplama-araci\/","title":{"rendered":"LPG K\u00fctle Hesaplama Arac\u0131"},"content":{"rendered":"<html>\n    <body>\n        <table>\n            <tr>\n              <td style=\"width: 15%;text-align: center\">S\u0131cakl\u0131k<\/td>\n              <td style=\"width: 10%\"><label id=\"valTemp\"><\/label><\/td>\n              <td style=\"width: 2%\">&#176;C<\/td>\n              <td style=\"width: 65%\"><input type=\"range\" id=\"temperature\" min=\"-10\" max=\"50\" step=\"1\" value=\"30\"\n                oninput=\"document.getElementById('valTemp').innerHTML = this.value\" \/><\/td>\n            <\/tr>\n            <tr>\n              <td style=\"text-align: center\">Bas\u0131n\u00e7<\/td>\n              <td><label id=\"valPressure\"> <\/label><\/td>\n              <td>bar<\/td>\n              <td><input type=\"range\" id=\"pressure\" min=\"1\" max=\"15\" step=\"0.1\" value=\"2.3\"\n                oninput=\"document.getElementById('valPressure').innerHTML = this.value\" \/><\/td>\n            <\/tr>\n            <tr>\n                <td style=\"text-align: center\">Hacim<\/td>\n                <td><label id=\"valVolume\"> <\/label><\/td>\n                <td>m\u00b3<\/td>\n                <td><input type=\"range\" id=\"volume\" min=\"1\" max=\"1000\" step=\"1\" value=\"1\"\n                  oninput=\"document.getElementById('valVolume').innerHTML = this.value\" \/><\/td>\n              <\/tr>\n              <tr>\n                <td style=\"text-align: center\"> <button onclick=\"lpgMassCalculator()\">K\u00fctle<\/button><\/td>\n                <td><label id=\"mass\"><\/label><\/td>\n                <td>&#13199;<\/td>\n                <td><\/td>\n              <\/tr>\n          <\/table>\n    <\/body>\n    <script>\n    function lpgMassCalculator(){\n    \n    var temperature = parseInt(document.getElementById(\"temperature\").value);\n    var pressure = parseFloat(document.getElementById(\"pressure\").value);\n    var volume = parseFloat(document.getElementById(\"volume\").value);\n    \/\/ var mass=(44.1\/22.4)*(273\/(273+temperature))*((1.033+pressure)\/1.033)\n    var mass=(pressure*0.976)*(volume*1000)*(53,91\/1000)*(1\/0.082)*(1\/(temperature+273.15))\n    console.log(mass)\n    console.log(pressure)\n    console.log(temperature)\n    console.log(volume)\n    document.getElementById(\"mass\").innerHTML = mass.toFixed(2);\n}\n<\/script>\n<style>\n    table {\n        width:100%;\n    }\n    td{\n        border-style: none;\n    }\n    #temperature, #pressure{\n        width: 100%;\n    }\n<\/style>\n<\/html>","protected":false},"excerpt":{"rendered":"<p>S\u0131cakl\u0131k &#176;C Bas\u0131n\u00e7 bar Hacim m\u00b3 K\u00fctle &#13199;<\/p>","protected":false},"author":1,"featured_media":0,"parent":0,"menu_order":0,"comment_status":"closed","ping_status":"closed","template":"","meta":{"footnotes":""},"class_list":["post-1067","page","type-page","status-publish","hentry"],"_links":{"self":[{"href":"https:\/\/www.enmar.net\/tr\/wp-json\/wp\/v2\/pages\/1067","targetHints":{"allow":["GET"]}}],"collection":[{"href":"https:\/\/www.enmar.net\/tr\/wp-json\/wp\/v2\/pages"}],"about":[{"href":"https:\/\/www.enmar.net\/tr\/wp-json\/wp\/v2\/types\/page"}],"author":[{"embeddable":true,"href":"https:\/\/www.enmar.net\/tr\/wp-json\/wp\/v2\/users\/1"}],"replies":[{"embeddable":true,"href":"https:\/\/www.enmar.net\/tr\/wp-json\/wp\/v2\/comments?post=1067"}],"version-history":[{"count":9,"href":"https:\/\/www.enmar.net\/tr\/wp-json\/wp\/v2\/pages\/1067\/revisions"}],"predecessor-version":[{"id":1077,"href":"https:\/\/www.enmar.net\/tr\/wp-json\/wp\/v2\/pages\/1067\/revisions\/1077"}],"wp:attachment":[{"href":"https:\/\/www.enmar.net\/tr\/wp-json\/wp\/v2\/media?parent=1067"}],"curies":[{"name":"wp","href":"https:\/\/api.w.org\/{rel}","templated":true}]}}