{"id":817,"date":"2023-08-21T08:32:29","date_gmt":"2023-08-21T08:32:29","guid":{"rendered":"https:\/\/www.enmar.net\/?page_id=817"},"modified":"2023-10-05T12:33:46","modified_gmt":"2023-10-05T12:33:46","slug":"catalogs","status":"publish","type":"page","link":"https:\/\/www.enmar.net\/tr\/catalogs\/","title":{"rendered":"Catalogs"},"content":{"rendered":"<p>You can access several catalogs featuring our products.<\/p>\n\n\n\n<p><\/p>\n\n\n\n<div class=\"wp-block-pb-accordion-item c-accordion__item js-accordion-item no-js\" data-initially-open=\"false\" data-click-to-close=\"true\" data-auto-close=\"true\" data-scroll=\"false\" data-scroll-offset=\"0\"><h2 id=\"at-8170\" class=\"c-accordion__title js-accordion-controller\" role=\"button\">Cavagna LPG Valves &amp; Tank Equipment<\/h2><div id=\"ac-8170\" class=\"c-accordion__content\">\n<div data-wp-interactive=\"core\/file\" class=\"wp-block-file\"><object data-wp-bind--hidden=\"!state.hasPdfPreview\" hidden class=\"wp-block-file__embed\" data=\"https:\/\/www.enmar.net\/wp-content\/uploads\/2023\/08\/LPG_Valves_and_Tank_Equipment_2018_-_2019.pdf\" type=\"application\/pdf\" style=\"width:100%;height:600px\" aria-label=\"LPG_Valves_and_Tank_Equipment_2018_-_2019 g\u00f6m\u00fcs\u00fc.\"><\/object><a id=\"wp-block-file--media-16f92627-7680-44c3-9553-cce8cca983a1\" href=\"https:\/\/www.enmar.net\/wp-content\/uploads\/2023\/08\/LPG_Valves_and_Tank_Equipment_2018_-_2019.pdf\">LPG_Valves_and_Tank_Equipment_2018_-_2019<\/a><a href=\"https:\/\/www.enmar.net\/wp-content\/uploads\/2023\/08\/LPG_Valves_and_Tank_Equipment_2018_-_2019.pdf\" class=\"wp-block-file__button wp-element-button\" download aria-describedby=\"wp-block-file--media-16f92627-7680-44c3-9553-cce8cca983a1\">Download<\/a><\/div>\n<\/div><\/div>\n\n\n\n<div class=\"wp-block-pb-accordion-item c-accordion__item js-accordion-item no-js\" data-initially-open=\"false\" data-click-to-close=\"true\" data-auto-close=\"true\" data-scroll=\"false\" data-scroll-offset=\"0\"><h2 id=\"at-8171\" class=\"c-accordion__title js-accordion-controller\" role=\"button\">Cavagna LPG Regulators<\/h2><div id=\"ac-8171\" class=\"c-accordion__content\">\n<div data-wp-interactive=\"core\/file\" class=\"wp-block-file\"><object data-wp-bind--hidden=\"!state.hasPdfPreview\" hidden class=\"wp-block-file__embed\" data=\"https:\/\/www.enmar.net\/wp-content\/uploads\/2023\/08\/Omeca_LPG_Regulator.pdf\" type=\"application\/pdf\" style=\"width:100%;height:600px\" aria-label=\"Omeca_LPG_Regulator g\u00f6m\u00fcs\u00fc.\"><\/object><a id=\"wp-block-file--media-05d87fb6-e921-4f41-ae5e-baab3e098722\" href=\"https:\/\/www.enmar.net\/wp-content\/uploads\/2023\/08\/Omeca_LPG_Regulator.pdf\">Omeca_LPG_Regulator<\/a><a href=\"https:\/\/www.enmar.net\/wp-content\/uploads\/2023\/08\/Omeca_LPG_Regulator.pdf\" class=\"wp-block-file__button wp-element-button\" download aria-describedby=\"wp-block-file--media-05d87fb6-e921-4f41-ae5e-baab3e098722\">Download<\/a><\/div>\n<\/div><\/div>\n\n\n\n<div class=\"wp-block-pb-accordion-item c-accordion__item js-accordion-item no-js\" data-initially-open=\"false\" data-click-to-close=\"true\" data-auto-close=\"true\" data-scroll=\"false\" data-scroll-offset=\"0\"><h2 id=\"at-8176\" class=\"c-accordion__title js-accordion-controller\" role=\"button\">Rego L-500 Catalog<\/h2><div id=\"ac-8176\" class=\"c-accordion__content\">\n<div data-wp-interactive=\"core\/file\" class=\"wp-block-file\"><object data-wp-bind--hidden=\"!state.hasPdfPreview\" hidden class=\"wp-block-file__embed\" data=\"https:\/\/www.enmar.net\/wp-content\/uploads\/2023\/10\/Rego_L500_Catalog.pdf\" type=\"application\/pdf\" style=\"width:100%;height:600px\" aria-label=\"Rego_L500_Catalog g\u00f6m\u00fcs\u00fc.\"><\/object><a id=\"wp-block-file--media-37ae9d67-6305-45f3-ad82-fb4894da804f\" href=\"https:\/\/www.enmar.net\/wp-content\/uploads\/2023\/10\/Rego_L500_Catalog.pdf\">Rego_L500_Catalog<\/a><a href=\"https:\/\/www.enmar.net\/wp-content\/uploads\/2023\/10\/Rego_L500_Catalog.pdf\" class=\"wp-block-file__button wp-element-button\" download aria-describedby=\"wp-block-file--media-37ae9d67-6305-45f3-ad82-fb4894da804f\">Download<\/a><\/div>\n<\/div><\/div>\n\n\n\n<div class=\"wp-block-pb-accordion-item c-accordion__item js-accordion-item no-js\" data-initially-open=\"false\" data-click-to-close=\"true\" data-auto-close=\"true\" data-scroll=\"false\" data-scroll-offset=\"0\"><h2 id=\"at-8172\" class=\"c-accordion__title js-accordion-controller\" role=\"button\">G\u00f6vdesan Valve<\/h2><div id=\"ac-8172\" class=\"c-accordion__content\">\n<div data-wp-interactive=\"core\/file\" class=\"wp-block-file\"><object data-wp-bind--hidden=\"!state.hasPdfPreview\" hidden class=\"wp-block-file__embed\" data=\"https:\/\/www.enmar.net\/wp-content\/uploads\/2023\/08\/GOVDESAN-2023-AGT.-LISTE.pdf\" type=\"application\/pdf\" style=\"width:100%;height:600px\" aria-label=\"GOVDESAN-2023-AGT.-LISTE g\u00f6m\u00fcs\u00fc.\"><\/object><a id=\"wp-block-file--media-956caa31-f57c-4720-95fb-6dea85feaeb1\" href=\"https:\/\/www.enmar.net\/wp-content\/uploads\/2023\/08\/GOVDESAN-2023-AGT.-LISTE.pdf\">GOVDESAN-2023-AGT.-LISTE<\/a><a href=\"https:\/\/www.enmar.net\/wp-content\/uploads\/2023\/08\/GOVDESAN-2023-AGT.-LISTE.pdf\" class=\"wp-block-file__button wp-element-button\" download aria-describedby=\"wp-block-file--media-956caa31-f57c-4720-95fb-6dea85feaeb1\">Download<\/a><\/div>\n<\/div><\/div>\n\n\n\n<div class=\"wp-block-pb-accordion-item c-accordion__item js-accordion-item no-js\" data-initially-open=\"false\" data-click-to-close=\"true\" data-auto-close=\"true\" data-scroll=\"false\" data-scroll-offset=\"0\"><h2 id=\"at-8177\" class=\"c-accordion__title js-accordion-controller\" role=\"button\">Batusan Valve<\/h2><div id=\"ac-8177\" class=\"c-accordion__content\">\n<div data-wp-interactive=\"core\/file\" class=\"wp-block-file\"><object data-wp-bind--hidden=\"!state.hasPdfPreview\" hidden class=\"wp-block-file__embed\" data=\"https:\/\/www.enmar.net\/wp-content\/uploads\/2023\/10\/batusan-haziran-2023.pdf\" type=\"application\/pdf\" style=\"width:100%;height:600px\" aria-label=\"batusan-haziran-2023 g\u00f6m\u00fcs\u00fc.\"><\/object><a id=\"wp-block-file--media-45588c1c-b3dc-44f2-804e-80c85eca8203\" href=\"https:\/\/www.enmar.net\/wp-content\/uploads\/2023\/10\/batusan-haziran-2023.pdf\">batusan-haziran-2023<\/a><a href=\"https:\/\/www.enmar.net\/wp-content\/uploads\/2023\/10\/batusan-haziran-2023.pdf\" class=\"wp-block-file__button wp-element-button\" download aria-describedby=\"wp-block-file--media-45588c1c-b3dc-44f2-804e-80c85eca8203\">Download<\/a><\/div>\n<\/div><\/div>\n\n\n\n<div class=\"wp-block-pb-accordion-item c-accordion__item js-accordion-item no-js\" data-initially-open=\"false\" data-click-to-close=\"true\" data-auto-close=\"true\" data-scroll=\"false\" data-scroll-offset=\"0\"><h2 id=\"at-8173\" class=\"c-accordion__title js-accordion-controller\" role=\"button\">Pakkens<\/h2><div id=\"ac-8173\" class=\"c-accordion__content\">\n<div data-wp-interactive=\"core\/file\" class=\"wp-block-file\"><object data-wp-bind--hidden=\"!state.hasPdfPreview\" hidden class=\"wp-block-file__embed\" data=\"https:\/\/www.enmar.net\/wp-content\/uploads\/2023\/08\/Pakkens.pdf\" type=\"application\/pdf\" style=\"width:100%;height:600px\" aria-label=\"Pakkens g\u00f6m\u00fcs\u00fc.\"><\/object><a id=\"wp-block-file--media-5ec7c741-6ee9-452e-a9ef-a1a5785596d8\" href=\"https:\/\/www.enmar.net\/wp-content\/uploads\/2023\/08\/Pakkens.pdf\">Pakkens<\/a><a href=\"https:\/\/www.enmar.net\/wp-content\/uploads\/2023\/08\/Pakkens.pdf\" class=\"wp-block-file__button wp-element-button\" download aria-describedby=\"wp-block-file--media-5ec7c741-6ee9-452e-a9ef-a1a5785596d8\">Download<\/a><\/div>\n<\/div><\/div>\n\n\n\n<div class=\"wp-block-pb-accordion-item c-accordion__item js-accordion-item no-js\" data-initially-open=\"false\" data-click-to-close=\"true\" data-auto-close=\"true\" data-scroll=\"false\" data-scroll-offset=\"0\"><h2 id=\"at-8175\" class=\"c-accordion__title js-accordion-controller\" role=\"button\">Ayvaz<\/h2><div id=\"ac-8175\" class=\"c-accordion__content\">\n<div data-wp-interactive=\"core\/file\" class=\"wp-block-file\"><object data-wp-bind--hidden=\"!state.hasPdfPreview\" hidden class=\"wp-block-file__embed\" data=\"https:\/\/www.enmar.net\/wp-content\/uploads\/2023\/10\/ayvaz_2023_temmuz_fiyat_listesi.pdf\" type=\"application\/pdf\" style=\"width:100%;height:600px\" aria-label=\"ayvaz_2023_temmuz_fiyat_listesi g\u00f6m\u00fcs\u00fc.\"><\/object><a id=\"wp-block-file--media-170873ea-fbe9-43f0-8c83-c600d1aa326c\" href=\"https:\/\/www.enmar.net\/wp-content\/uploads\/2023\/10\/ayvaz_2023_temmuz_fiyat_listesi.pdf\">ayvaz_2023_temmuz_fiyat_listesi<\/a><a href=\"https:\/\/www.enmar.net\/wp-content\/uploads\/2023\/10\/ayvaz_2023_temmuz_fiyat_listesi.pdf\" class=\"wp-block-file__button wp-element-button\" download aria-describedby=\"wp-block-file--media-170873ea-fbe9-43f0-8c83-c600d1aa326c\">Download<\/a><\/div>\n<\/div><\/div>\n\n\n\n<div class=\"wp-block-pb-accordion-item c-accordion__item js-accordion-item no-js\" data-initially-open=\"false\" data-click-to-close=\"true\" data-auto-close=\"true\" data-scroll=\"false\" data-scroll-offset=\"0\"><h2 id=\"at-8174\" class=\"c-accordion__title js-accordion-controller\" role=\"button\">Tork Valve &amp; Automation<\/h2><div id=\"ac-8174\" class=\"c-accordion__content\">\n<div data-wp-interactive=\"core\/file\" class=\"wp-block-file\"><object data-wp-bind--hidden=\"!state.hasPdfPreview\" hidden class=\"wp-block-file__embed\" data=\"https:\/\/www.enmar.net\/wp-content\/uploads\/2023\/10\/SmsTork.pdf\" type=\"application\/pdf\" style=\"width:100%;height:600px\" aria-label=\"SmsTork g\u00f6m\u00fcs\u00fc.\"><\/object><a id=\"wp-block-file--media-dfc20881-cccf-4a21-8d6c-e1eea1f99779\" href=\"https:\/\/www.enmar.net\/wp-content\/uploads\/2023\/10\/SmsTork.pdf\">SmsTork<\/a><a href=\"https:\/\/www.enmar.net\/wp-content\/uploads\/2023\/10\/SmsTork.pdf\" class=\"wp-block-file__button wp-element-button\" download aria-describedby=\"wp-block-file--media-dfc20881-cccf-4a21-8d6c-e1eea1f99779\">Download<\/a><\/div>\n<\/div><\/div>\n\n\n\n<div class=\"wp-block-pb-accordion-item c-accordion__item js-accordion-item no-js\" data-initially-open=\"false\" data-click-to-close=\"true\" data-auto-close=\"true\" data-scroll=\"false\" data-scroll-offset=\"0\"><h2 id=\"at-8178\" class=\"c-accordion__title js-accordion-controller\" role=\"button\">Fay Mechanics<\/h2><div id=\"ac-8178\" class=\"c-accordion__content\">\n<div data-wp-interactive=\"core\/file\" class=\"wp-block-file\"><object data-wp-bind--hidden=\"!state.hasPdfPreview\" hidden class=\"wp-block-file__embed\" data=\"https:\/\/www.enmar.net\/wp-content\/uploads\/2023\/10\/FAY-OCAK-2023-FIYAT-LISTESI.pdf\" type=\"application\/pdf\" style=\"width:100%;height:600px\" aria-label=\"FAY-OCAK-2023-FIYAT-LISTESI g\u00f6m\u00fcs\u00fc.\"><\/object><a id=\"wp-block-file--media-448f2bae-7fd1-4ed1-9188-f4d68c7be3b8\" href=\"https:\/\/www.enmar.net\/wp-content\/uploads\/2023\/10\/FAY-OCAK-2023-FIYAT-LISTESI.pdf\">FAY-OCAK-2023-FIYAT-LISTESI<\/a><a href=\"https:\/\/www.enmar.net\/wp-content\/uploads\/2023\/10\/FAY-OCAK-2023-FIYAT-LISTESI.pdf\" class=\"wp-block-file__button wp-element-button\" download aria-describedby=\"wp-block-file--media-448f2bae-7fd1-4ed1-9188-f4d68c7be3b8\">Download<\/a><\/div>\n<\/div><\/div>\n\n\n\n<div class=\"wp-block-pb-accordion-item c-accordion__item js-accordion-item no-js\" data-initially-open=\"false\" data-click-to-close=\"true\" data-auto-close=\"true\" data-scroll=\"false\" data-scroll-offset=\"0\"><h2 id=\"at-8179\" class=\"c-accordion__title js-accordion-controller\" role=\"button\">\u00c7etinkaya<\/h2><div id=\"ac-8179\" class=\"c-accordion__content\">\n<div data-wp-interactive=\"core\/file\" class=\"wp-block-file\"><object data-wp-bind--hidden=\"!state.hasPdfPreview\" hidden class=\"wp-block-file__embed\" data=\"https:\/\/www.enmar.net\/wp-content\/uploads\/2023\/10\/Cetinkaya.pdf\" type=\"application\/pdf\" style=\"width:100%;height:600px\" aria-label=\"Cetinkaya g\u00f6m\u00fcs\u00fc.\"><\/object><a id=\"wp-block-file--media-a35050cd-d9e5-43b6-9f76-e625b615ee40\" href=\"https:\/\/www.enmar.net\/wp-content\/uploads\/2023\/10\/Cetinkaya.pdf\">Cetinkaya<\/a><a href=\"https:\/\/www.enmar.net\/wp-content\/uploads\/2023\/10\/Cetinkaya.pdf\" class=\"wp-block-file__button wp-element-button\" download aria-describedby=\"wp-block-file--media-a35050cd-d9e5-43b6-9f76-e625b615ee40\">Download<\/a><\/div>\n<\/div><\/div>","protected":false},"excerpt":{"rendered":"<p>You can access several catalogs featuring our products.<\/p>","protected":false},"author":1,"featured_media":0,"parent":0,"menu_order":0,"comment_status":"closed","ping_status":"closed","template":"","meta":{"footnotes":""},"class_list":["post-817","page","type-page","status-publish","hentry"],"_links":{"self":[{"href":"https:\/\/www.enmar.net\/tr\/wp-json\/wp\/v2\/pages\/817","targetHints":{"allow":["GET"]}}],"collection":[{"href":"https:\/\/www.enmar.net\/tr\/wp-json\/wp\/v2\/pages"}],"about":[{"href":"https:\/\/www.enmar.net\/tr\/wp-json\/wp\/v2\/types\/page"}],"author":[{"embeddable":true,"href":"https:\/\/www.enmar.net\/tr\/wp-json\/wp\/v2\/users\/1"}],"replies":[{"embeddable":true,"href":"https:\/\/www.enmar.net\/tr\/wp-json\/wp\/v2\/comments?post=817"}],"version-history":[{"count":12,"href":"https:\/\/www.enmar.net\/tr\/wp-json\/wp\/v2\/pages\/817\/revisions"}],"predecessor-version":[{"id":933,"href":"https:\/\/www.enmar.net\/tr\/wp-json\/wp\/v2\/pages\/817\/revisions\/933"}],"wp:attachment":[{"href":"https:\/\/www.enmar.net\/tr\/wp-json\/wp\/v2\/media?parent=817"}],"curies":[{"name":"wp","href":"https:\/\/api.w.org\/{rel}","templated":true}]}}