{"id":1006,"date":"2024-04-11T11:42:21","date_gmt":"2024-04-11T11:42:21","guid":{"rendered":"https:\/\/www.enmar.net\/?post_type=product&#038;p=1006"},"modified":"2024-04-11T11:47:19","modified_gmt":"2024-04-11T11:47:19","slug":"threaded-ball-valve-mop5-20","status":"publish","type":"product","link":"https:\/\/www.enmar.net\/tr\/urun\/threaded-ball-valve-mop5-20\/","title":{"rendered":"MOP5-20 Sfero D\u00f6k\u00fcm Di\u015fli K\u00fcresel Vana"},"content":{"rendered":"","protected":false},"excerpt":{"rendered":"","protected":false},"featured_media":951,"template":"","meta":[],"product_cat":[25],"product_tag":[],"class_list":["post-1006","product","type-product","status-publish","has-post-thumbnail","hentry","product_cat-ball-valves"],"_links":{"self":[{"href":"https:\/\/www.enmar.net\/tr\/wp-json\/wp\/v3\/product\/1006","targetHints":{"allow":["GET"]}}],"collection":[{"href":"https:\/\/www.enmar.net\/tr\/wp-json\/wp\/v3\/product"}],"about":[{"href":"https:\/\/www.enmar.net\/tr\/wp-json\/wp\/v2\/types\/product"}],"wp:featuredmedia":[{"embeddable":true,"href":"https:\/\/www.enmar.net\/tr\/wp-json\/wp\/v2\/media\/951"}],"wp:attachment":[{"href":"https:\/\/www.enmar.net\/tr\/wp-json\/wp\/v2\/media?parent=1006"}],"wp:term":[{"taxonomy":"product_cat","embeddable":true,"href":"https:\/\/www.enmar.net\/tr\/wp-json\/wp\/v2\/product_cat?post=1006"},{"taxonomy":"product_tag","embeddable":true,"href":"https:\/\/www.enmar.net\/tr\/wp-json\/wp\/v2\/product_tag?post=1006"}],"curies":[{"name":"wp","href":"https:\/\/api.w.org\/{rel}","templated":true}]}}