{"id":341,"date":"2022-11-15T12:37:25","date_gmt":"2022-11-15T12:37:25","guid":{"rendered":"https:\/\/www.enmar.net\/?post_type=product&#038;p=341"},"modified":"2024-01-10T10:53:43","modified_gmt":"2024-01-10T10:53:43","slug":"threaded-ball-valve-steel-cast-3p-pn40","status":"publish","type":"product","link":"https:\/\/www.enmar.net\/tr\/urun\/threaded-ball-valve-steel-cast-3p-pn40\/","title":{"rendered":"PN40 Karbon \u00c7elik Di\u015fli K\u00fcresel Vana 3 Par\u00e7al\u0131"},"content":{"rendered":"","protected":false},"excerpt":{"rendered":"","protected":false},"featured_media":951,"template":"","meta":[],"product_cat":[25],"product_tag":[],"class_list":["post-341","product","type-product","status-publish","has-post-thumbnail","hentry","product_cat-ball-valves"],"_links":{"self":[{"href":"https:\/\/www.enmar.net\/tr\/wp-json\/wp\/v3\/product\/341","targetHints":{"allow":["GET"]}}],"collection":[{"href":"https:\/\/www.enmar.net\/tr\/wp-json\/wp\/v3\/product"}],"about":[{"href":"https:\/\/www.enmar.net\/tr\/wp-json\/wp\/v2\/types\/product"}],"wp:featuredmedia":[{"embeddable":true,"href":"https:\/\/www.enmar.net\/tr\/wp-json\/wp\/v2\/media\/951"}],"wp:attachment":[{"href":"https:\/\/www.enmar.net\/tr\/wp-json\/wp\/v2\/media?parent=341"}],"wp:term":[{"taxonomy":"product_cat","embeddable":true,"href":"https:\/\/www.enmar.net\/tr\/wp-json\/wp\/v2\/product_cat?post=341"},{"taxonomy":"product_tag","embeddable":true,"href":"https:\/\/www.enmar.net\/tr\/wp-json\/wp\/v2\/product_tag?post=341"}],"curies":[{"name":"wp","href":"https:\/\/api.w.org\/{rel}","templated":true}]}}