{"id":522,"date":"2023-04-04T07:40:04","date_gmt":"2023-04-04T07:40:04","guid":{"rendered":"https:\/\/www.enmar.net\/?post_type=product&#038;p=522"},"modified":"2023-04-05T08:01:42","modified_gmt":"2023-04-05T08:01:42","slug":"lpg-tank-above-ground","status":"publish","type":"product","link":"https:\/\/www.enmar.net\/tr\/urun\/lpg-tank-above-ground\/","title":{"rendered":"Yer \u00dcst\u00fc LPG Tank\u0131"},"content":{"rendered":"","protected":false},"excerpt":{"rendered":"","protected":false},"featured_media":523,"template":"","meta":[],"product_cat":[57],"product_tag":[],"class_list":["post-522","product","type-product","status-publish","has-post-thumbnail","hentry","product_cat-tanks"],"_links":{"self":[{"href":"https:\/\/www.enmar.net\/tr\/wp-json\/wp\/v3\/product\/522","targetHints":{"allow":["GET"]}}],"collection":[{"href":"https:\/\/www.enmar.net\/tr\/wp-json\/wp\/v3\/product"}],"about":[{"href":"https:\/\/www.enmar.net\/tr\/wp-json\/wp\/v2\/types\/product"}],"wp:featuredmedia":[{"embeddable":true,"href":"https:\/\/www.enmar.net\/tr\/wp-json\/wp\/v2\/media\/523"}],"wp:attachment":[{"href":"https:\/\/www.enmar.net\/tr\/wp-json\/wp\/v2\/media?parent=522"}],"wp:term":[{"taxonomy":"product_cat","embeddable":true,"href":"https:\/\/www.enmar.net\/tr\/wp-json\/wp\/v2\/product_cat?post=522"},{"taxonomy":"product_tag","embeddable":true,"href":"https:\/\/www.enmar.net\/tr\/wp-json\/wp\/v2\/product_tag?post=522"}],"curies":[{"name":"wp","href":"https:\/\/api.w.org\/{rel}","templated":true}]}}