{"id":544,"date":"2023-04-04T09:00:29","date_gmt":"2023-04-04T09:00:29","guid":{"rendered":"https:\/\/www.enmar.net\/?post_type=product&#038;p=544"},"modified":"2023-08-15T07:45:33","modified_gmt":"2023-08-15T07:45:33","slug":"fixbar-pressure-control-valve","status":"publish","type":"product","link":"https:\/\/www.enmar.net\/tr\/urun\/fixbar-pressure-control-valve\/","title":{"rendered":"Fixbar Bas\u0131n\u00e7 Kontrol Valfi"},"content":{"rendered":"<table border=\"0\" cellspacing=\"0\">\n<colgroup width=\"333\"><\/colgroup>\n<colgroup width=\"287\"><\/colgroup>\n<tbody>\n<tr>\n<td align=\"left\" height=\"17\">Piston O-ring Gasket<\/td>\n<td align=\"left\">FKM Viton, \u00d8 40&#215;3 mm<\/td>\n<\/tr>\n<tr>\n<td align=\"left\" height=\"17\">Stabilizer O-ring Gasket<\/td>\n<td align=\"left\">FKM Viton, \u00d8 28&#215;3 mm<\/td>\n<\/tr>\n<tr>\n<td align=\"left\" height=\"17\">Compression Spring Dimensions<\/td>\n<td align=\"left\">\u00d8 25&#215;64 mm, Yellow<\/td>\n<\/tr>\n<tr>\n<td align=\"left\" height=\"17\">Max. Spring Compression<\/td>\n<td align=\"left\">17% of the spring length<\/td>\n<\/tr>\n<tr>\n<td align=\"left\" height=\"17\">Piston Floor Seal<\/td>\n<td align=\"left\">Pure PTFE<\/td>\n<\/tr>\n<tr>\n<td align=\"left\" height=\"17\">Filter<\/td>\n<td align=\"left\">Yellow Brass Alloy, Flat end, 1\/8\u201d<\/td>\n<\/tr>\n<tr>\n<td align=\"left\" height=\"17\">Oil Purger<\/td>\n<td align=\"left\">Stainless, M6<\/td>\n<\/tr>\n<tr>\n<td align=\"left\" height=\"17\">Grease<\/td>\n<td align=\"left\">Petrol Ofisi, Ultra-Tech CSI 146<\/td>\n<\/tr>\n<tr>\n<td align=\"left\" height=\"17\">Recommend Operating Temperature<\/td>\n<td align=\"left\">-40 \u030aC ~ +107 \u030aC<\/td>\n<\/tr>\n<tr>\n<td align=\"left\" height=\"17\">Temperature Class<\/td>\n<td align=\"left\">T4 (&lt;135 \u030aC)<\/td>\n<\/tr>\n<tr>\n<td align=\"left\" height=\"17\">Maximum Operating Pressure<\/td>\n<td align=\"left\">25 bar<\/td>\n<\/tr>\n<tr>\n<td align=\"left\" height=\"17\">Differential Pressure<\/td>\n<td align=\"left\">2.5 bar ~ 15.5 bar<\/td>\n<\/tr>\n<tr>\n<td align=\"left\" height=\"17\">Pressure Tolerance<\/td>\n<td align=\"left\">\u00b1 1 bar<\/td>\n<\/tr>\n<tr>\n<td align=\"left\" height=\"17\">Fluid Type<\/td>\n<td align=\"left\">LPG (Liquefied Petroleum Gas)<\/td>\n<\/tr>\n<tr>\n<td align=\"left\" height=\"17\">Flow Rate (Min\/Max)<\/td>\n<td align=\"left\">5 L\/min ~ 145 L\/min<\/td>\n<\/tr>\n<tr>\n<td align=\"left\" height=\"17\">Input Connection Diameter<\/td>\n<td align=\"left\">1 \u201d<\/td>\n<\/tr>\n<tr>\n<td align=\"left\" height=\"17\">Dimensions (Max. Dia. x Max. Height)<\/td>\n<td align=\"left\">\u00d8 95 x 202 mm<\/td>\n<\/tr>\n<tr>\n<td align=\"left\" height=\"17\">Weight<\/td>\n<td align=\"left\">5.5 \u00b1 0.1 kg<\/td>\n<\/tr>\n<\/tbody>\n<\/table>","protected":false},"excerpt":{"rendered":"<p>Fixbar is a kind of bypass valve that acts stably at the adjusted pressure in general terms. The main advantage of the product is that it is not affected by changes in the storage tank and weather conditions due to its special design, and it works steadily without experiencing any deviations outside the tolerance ranges (\u00b1 1 bar) determined at the adjusted pressures.<\/p>\n<p><a href=\"https:\/\/www.enmar.net\/wp-content\/uploads\/2023\/04\/FIXBAR-User-Manual-EN.pdf\">FIXBAR User Manual (EN)<\/a><\/p>\n<p><a href=\"https:\/\/www.enmar.net\/wp-content\/uploads\/2023\/04\/CE-Declaration-of-Conformity-Fixbar-ENG.pdf\">CE Declaration of Conformity (EN)<\/a><\/p>\n<p><a href=\"https:\/\/www.enmar.net\/wp-content\/uploads\/2023\/04\/fixbar_atex.pdf\">Fixbar ATEX Certificate<\/a><\/p>\n<p><a href=\"https:\/\/www.enmar.net\/wp-content\/uploads\/2023\/04\/AB-Uygunluk-Beyani-Fixbar-TR.pdf\">AB Uygunluk Beyan\u0131 (Fixbar) &#8211; TR<\/a><\/p>\n<p><a href=\"https:\/\/www.enmar.net\/wp-content\/uploads\/2023\/04\/FIXBAR-Kullanim-Kilavuzu-TR.pdf\">FIXBAR Kullan\u0131m K\u0131lavuzu (TR)<\/a><\/p>\n<p><a href=\"https:\/\/www.enmar.net\/wp-content\/uploads\/2023\/04\/FIXBAR-Montaj-ve-Bakimi-Esnasinda-Dikkat-Edilmesi-Gereken-Hususlar.pdf\">FIXBAR Montaj ve Bak\u0131m\u0131 Esnas\u0131nda Dikkat Edilmesi Gereken Hususlar<\/a><\/p>","protected":false},"featured_media":545,"template":"","meta":[],"product_cat":[27],"product_tag":[],"class_list":["post-544","product","type-product","status-publish","has-post-thumbnail","hentry","product_cat-pumps-equipments"],"_links":{"self":[{"href":"https:\/\/www.enmar.net\/tr\/wp-json\/wp\/v3\/product\/544","targetHints":{"allow":["GET"]}}],"collection":[{"href":"https:\/\/www.enmar.net\/tr\/wp-json\/wp\/v3\/product"}],"about":[{"href":"https:\/\/www.enmar.net\/tr\/wp-json\/wp\/v2\/types\/product"}],"wp:featuredmedia":[{"embeddable":true,"href":"https:\/\/www.enmar.net\/tr\/wp-json\/wp\/v2\/media\/545"}],"wp:attachment":[{"href":"https:\/\/www.enmar.net\/tr\/wp-json\/wp\/v2\/media?parent=544"}],"wp:term":[{"taxonomy":"product_cat","embeddable":true,"href":"https:\/\/www.enmar.net\/tr\/wp-json\/wp\/v2\/product_cat?post=544"},{"taxonomy":"product_tag","embeddable":true,"href":"https:\/\/www.enmar.net\/tr\/wp-json\/wp\/v2\/product_tag?post=544"}],"curies":[{"name":"wp","href":"https:\/\/api.w.org\/{rel}","templated":true}]}}