{"id":573,"date":"2023-04-06T13:22:52","date_gmt":"2023-04-06T13:22:52","guid":{"rendered":"https:\/\/www.enmar.net\/?post_type=product&#038;p=573"},"modified":"2023-04-06T13:22:52","modified_gmt":"2023-04-06T13:22:52","slug":"pneumatic-actuated-flanged-ball-valve","status":"publish","type":"product","link":"https:\/\/www.enmar.net\/tr\/urun\/pneumatic-actuated-flanged-ball-valve\/","title":{"rendered":"Pn\u00f6matik Akt\u00fcat\u00f6rl\u00fc Flan\u015fl\u0131 K\u00fcresel Vana"},"content":{"rendered":"","protected":false},"excerpt":{"rendered":"","protected":false},"featured_media":574,"template":"","meta":[],"product_cat":[58],"product_tag":[],"class_list":["post-573","product","type-product","status-publish","has-post-thumbnail","hentry","product_cat-pneumatic-actuated-valves"],"_links":{"self":[{"href":"https:\/\/www.enmar.net\/tr\/wp-json\/wp\/v3\/product\/573","targetHints":{"allow":["GET"]}}],"collection":[{"href":"https:\/\/www.enmar.net\/tr\/wp-json\/wp\/v3\/product"}],"about":[{"href":"https:\/\/www.enmar.net\/tr\/wp-json\/wp\/v2\/types\/product"}],"wp:featuredmedia":[{"embeddable":true,"href":"https:\/\/www.enmar.net\/tr\/wp-json\/wp\/v2\/media\/574"}],"wp:attachment":[{"href":"https:\/\/www.enmar.net\/tr\/wp-json\/wp\/v2\/media?parent=573"}],"wp:term":[{"taxonomy":"product_cat","embeddable":true,"href":"https:\/\/www.enmar.net\/tr\/wp-json\/wp\/v2\/product_cat?post=573"},{"taxonomy":"product_tag","embeddable":true,"href":"https:\/\/www.enmar.net\/tr\/wp-json\/wp\/v2\/product_tag?post=573"}],"curies":[{"name":"wp","href":"https:\/\/api.w.org\/{rel}","templated":true}]}}