{"id":95,"date":"2022-06-14T11:22:28","date_gmt":"2022-06-14T11:22:28","guid":{"rendered":"https:\/\/www.enmar.net\/?post_type=product&#038;p=95"},"modified":"2024-03-14T09:22:13","modified_gmt":"2024-03-14T09:22:13","slug":"rego-excess-flow-valve","status":"publish","type":"product","link":"https:\/\/www.enmar.net\/tr\/urun\/rego-excess-flow-valve\/","title":{"rendered":"Rego 3500 A\u015f\u0131r\u0131 Ak\u0131m Valfi"},"content":{"rendered":"<p><a href=\"https:\/\/www.regoproducts.com\/wp-content\/uploads\/2021\/08\/LPG_Excess_Flow_Valves_A3500_A4500.pdf\">Rego A3500 Excess Flow Valve Datasheet<\/a><\/p>\n<table border=\"0\" cellspacing=\"0\">\n<colgroup width=\"81\"><\/colgroup>\n<colgroup width=\"160\"><\/colgroup>\n<tbody>\n<tr>\n<td colspan=\"2\" align=\"center\" valign=\"middle\" height=\"17\">Materials<\/td>\n<\/tr>\n<tr>\n<td align=\"left\" height=\"17\">Body<\/td>\n<td align=\"left\">Cadmium Plated Steel<\/td>\n<\/tr>\n<tr>\n<td align=\"left\" height=\"17\">Seat Disc<\/td>\n<td align=\"left\">Cadmium Plated Steel<\/td>\n<\/tr>\n<tr>\n<td align=\"left\" height=\"17\">Stem<\/td>\n<td align=\"left\">Stainless Steel<\/td>\n<\/tr>\n<tr>\n<td align=\"left\" height=\"17\">Spring<\/td>\n<td align=\"left\">Stainless Steel<\/td>\n<\/tr>\n<tr>\n<td align=\"left\" height=\"17\">Guide<\/td>\n<td align=\"left\">Cadmium Plated Steel<\/td>\n<\/tr>\n<\/tbody>\n<\/table>","protected":false},"excerpt":{"rendered":"<p><strong><span dir=\"ltr\" role=\"presentation\">Application<\/span><\/strong><br role=\"presentation\" \/><span dir=\"ltr\" role=\"presentation\">Designed for mounting in flanged tank connections with internal <\/span><span dir=\"ltr\" role=\"presentation\">threads in the bottom of a container. They may be used in filling,<\/span> <span dir=\"ltr\" role=\"presentation\">withdrawal or vapor equalizing application. They provide high flow <\/span><span dir=\"ltr\" role=\"presentation\">capacity with low pressure drop to minimize pump inlet line cavitation.<\/span><\/p>\n<p><span dir=\"ltr\" role=\"presentation\">If a riser pipe to the vapor space is used with these excess flow <\/span><span dir=\"ltr\" role=\"presentation\">valves, the minimum inside diameter of the riser pipe must be at least<\/span> <span dir=\"ltr\" role=\"presentation\">two times the valve thread size in order not to restrict flow to the side <\/span><span dir=\"ltr\" role=\"presentation\">inlet ports. <\/span><\/p>\n<p><span dir=\"ltr\" role=\"presentation\">Flange mounted excess flow valves are readily accessible for<\/span> <span dir=\"ltr\" role=\"presentation\">servicing and completely enclosed and protected in event of fire. <\/span><span dir=\"ltr\" role=\"presentation\">Because there is no direct connection between external piping and <\/span><span dir=\"ltr\" role=\"presentation\">the valve, stresses imposed on piping will not affect the excess flow <\/span><span dir=\"ltr\" role=\"presentation\">valve.<\/span><\/p>","protected":false},"featured_media":831,"template":"","meta":[],"product_cat":[54],"product_tag":[63],"class_list":["post-95","product","type-product","status-publish","has-post-thumbnail","hentry","product_cat-excess-flow-valves","product_tag-rego"],"_links":{"self":[{"href":"https:\/\/www.enmar.net\/tr\/wp-json\/wp\/v3\/product\/95","targetHints":{"allow":["GET"]}}],"collection":[{"href":"https:\/\/www.enmar.net\/tr\/wp-json\/wp\/v3\/product"}],"about":[{"href":"https:\/\/www.enmar.net\/tr\/wp-json\/wp\/v2\/types\/product"}],"wp:featuredmedia":[{"embeddable":true,"href":"https:\/\/www.enmar.net\/tr\/wp-json\/wp\/v2\/media\/831"}],"wp:attachment":[{"href":"https:\/\/www.enmar.net\/tr\/wp-json\/wp\/v2\/media?parent=95"}],"wp:term":[{"taxonomy":"product_cat","embeddable":true,"href":"https:\/\/www.enmar.net\/tr\/wp-json\/wp\/v2\/product_cat?post=95"},{"taxonomy":"product_tag","embeddable":true,"href":"https:\/\/www.enmar.net\/tr\/wp-json\/wp\/v2\/product_tag?post=95"}],"curies":[{"name":"wp","href":"https:\/\/api.w.org\/{rel}","templated":true}]}}